{"id":152,"date":"2019-07-23T14:25:32","date_gmt":"2019-07-23T19:25:32","guid":{"rendered":"http:\/\/ride2casa.com\/?page_id=152"},"modified":"2024-01-12T21:48:56","modified_gmt":"2024-01-13T02:48:56","slug":"videos","status":"publish","type":"page","link":"https:\/\/ride2casa.com\/fr\/videos\/","title":{"rendered":"Videos"},"content":{"rendered":"<div class=\"brz-root__container brz-reset-all\">\n<section id=\"fithpuojzqhxqywhzhgvmwbtyxbjnbtpoeet\" class=\"brz-section brz-css-u09GL\">\n<div class=\"brz-section__content brz-section--boxed brz-css-lSWuf brz-css-txfZy\" data-brz-custom-id=\"jtgaxfnqzxzfcrfdhksntiwrgkohyjwgxkqu\">\n<div class=\"brz-bg\">\n<div class=\"brz-bg-color\"><\/div>\n<\/div>\n<div class=\"brz-container brz-css-uE1PQ brz-css-o1cgK\">\n<div class=\"brz-row__container brz-css-mZiLb\" data-brz-custom-id=\"znkejrlrksnpubqiydrfxhdhgspoyirzrbpu\">\n<div class=\"brz-bg\"><\/div>\n<div class=\"brz-row brz-css-oBoU_ brz-css-qTaBQ\">\n<div class=\"brz-columns brz-css-iCPVV brz-css-l5ZUU\" data-brz-custom-id=\"gzkkbkikgqraxpnjckwvpgseshtdnsgmlvfv\">\n<div class=\"brz-bg\"><\/div>\n<div class=\"brz-column__items brz-css-tTfUI\">\n<div id class=\"brz-css-tGALZ brz-wrapper\">\n<div class=\"brz-rich-text brz-rich-text__custom brz-css-wi9wc\" data-brz-custom-id=\"qfdnuafefgczjozegjshykekyycgjsmbedbh\">\n<div data-brz-translate-text=\"1\">\n<h2 class=\"brz-text-lg-left brz-lh-lg-1_3 brz-lh-sm-im-1_3 brz-lh-xs-im-1_3 brz-fs-lg-42 brz-fs-sm-im-35 brz-fs-xs-im-29 brz-ls-lg-m_1_5 brz-ls-sm-im-m_0_5 brz-ls-xs-im-m_0_5 brz-ff-montserrat brz-fw-sm-im-700 brz-fw-xs-im-700 brz-fw-lg-600 brz-css-sp4cS\"><span class=\"brz-cp-color2\">VIDEOS RIDE2CASA<\/span><\/h2>\n<\/div>\n<\/div>\n<\/div>\n<div id class=\"brz-css-tGALZ brz-wrapper\">\n<div class=\"brz-rich-text brz-rich-text__custom brz-css-wi9wc\" data-brz-custom-id=\"qdfgikrmhaxgvjqjbznapjjfajbsuwtaopfi\">\n<div data-brz-translate-text=\"1\">\n<p class=\"brz-ls-xs-im-0 brz-ls-sm-im-0 brz-ls-lg-0 brz-lh-xs-im-1_6 brz-lh-sm-im-1_6 brz-lh-lg-1_7 brz-ff-lato brz-fw-lg-300 brz-fw-sm-im-300 brz-fw-xs-im-300 brz-fs-lg-20 brz-fs-sm-im-19 brz-fs-xs-im-19 brz-css-ob3Tv\"><span class=\"brz-cp-color7\" style=\"background-color: transparent\">Depuis plus de 7 ans, Ride2casa r\u00e9alise des vid\u00e9os via sa cha\u00eene YouTube. Ces courts m\u00e9trages peuvent \u00eatre des pr\u00e9sentations de pilotes ou des r\u00e9sum\u00e9s d&#8217;\u00e9v\u00e9nements. Ils ont pour but de promouvoir ce magnifique sport et montrer ces images au plus grand nombre&#8230;<\/span><\/p>\n<\/div>\n<\/div>\n<\/div>\n<\/div>\n<\/div>\n<\/div>\n<\/div>\n<div id class=\"brz-css-tGALZ brz-css-ub7KP brz-css-pjQ70 brz-wrapper\">\n<div class=\"brz-spacer brz-css-p4ZY_ brz-css-vchc0\"><\/div>\n<\/div>\n<div class=\"brz-row__container brz-css-mZiLb\" data-brz-custom-id=\"mtbdnlzajujluvyayofrchsvrwtyquqmmqky\">\n<div class=\"brz-bg\"><\/div>\n<div class=\"brz-row brz-css-oBoU_ brz-css-qTaBQ\">\n<div class=\"brz-columns brz-css-iCPVV brz-css-ni7qB\" data-brz-custom-id=\"sgeqlncsdclaqlupptskuunmzffochvwnvou\">\n<div class=\"brz-bg\"><\/div>\n<div class=\"brz-column__items brz-css-tTfUI brz-css-cWGNM\">\n<div id class=\"brz-css-tGALZ brz-css-kQ2iu brz-wrapper\">\n<div class=\"brz-rich-text brz-rich-text__custom brz-css-wi9wc\" data-brz-custom-id=\"twdcorzembucdgujdqyyjsurbonzcaioysut\">\n<div data-brz-translate-text=\"1\">\n<h4 class=\"brz-tp-heading4 brz-text-lg-left brz-css-pFthM\"><span class=\"brz-cp-color1\">DN Ain Coti\u00e8re BMX 2020<\/span><\/h4>\n<\/div>\n<\/div>\n<\/div>\n<div id class=\"brz-css-tGALZ brz-css-st_Oc brz-wrapper\">\n<div class=\"brz-embed-code brz-css-zWFUe\" data-brz-custom-id=\"bohbhjpyzybbdbinubqlpudpacttktoeeilm\">\n<div class=\"brz-embed-content\">\n<div><\/div>\n<\/div>\n<\/div>\n<\/div>\n<\/div>\n<\/div>\n<\/div>\n<\/div>\n<div class=\"brz-row__container brz-css-mZiLb\" data-brz-custom-id=\"fdbtkqaypnnndbhsmvtxurwzcahxajrfxxox\">\n<div class=\"brz-bg\"><\/div>\n<div class=\"brz-row brz-css-oBoU_ brz-css-qTaBQ\">\n<div class=\"brz-columns brz-css-iCPVV brz-css-kSLsY\" data-brz-custom-id=\"dpwiifruvmwtsqudygutdckxyvkngzgefuvo\">\n<div class=\"brz-bg\"><\/div>\n<div class=\"brz-column__items brz-css-tTfUI brz-css-lYUmS\">\n<div id class=\"brz-css-tGALZ brz-css-ihQOF brz-wrapper\">\n<div class=\"brz-rich-text brz-rich-text__custom brz-css-wi9wc\" data-brz-custom-id=\"qrxldqygaafyttvocqxuvbsbbquvkvcpeqpa\">\n<div data-brz-translate-text=\"1\">\n<h4 class=\"brz-text-lg-left brz-tp-heading4 brz-css-yAaLx\"><span class=\"brz-cp-color1\">Indoor de Saint-Etienne 2018<\/span><\/h4>\n<\/div>\n<\/div>\n<\/div>\n<div id class=\"brz-css-tGALZ brz-css-fBP1L brz-wrapper\">\n<div class=\"brz-embed-code brz-css-zWFUe\" data-brz-custom-id=\"elpdmywlfyolbncchsfwisueolicczvgltrx\">\n<div class=\"brz-embed-content\">\n<div><\/div>\n<\/div>\n<\/div>\n<\/div>\n<\/div>\n<\/div>\n<\/div>\n<\/div>\n<div class=\"brz-row__container brz-css-mZiLb\" data-brz-custom-id=\"yteduxfddudrzurwwjzsepdexpgoibulglwb\">\n<div class=\"brz-bg\"><\/div>\n<div class=\"brz-row brz-css-oBoU_ brz-css-qTaBQ\">\n<div class=\"brz-columns brz-css-iCPVV brz-css-oedyf\" data-brz-custom-id=\"fvlbpqvuoopsydqdyjglqomvycaaiahhfong\">\n<div class=\"brz-bg\"><\/div>\n<div class=\"brz-column__items brz-css-tTfUI brz-css-vi1T8\">\n<div id class=\"brz-css-tGALZ brz-css-rzH65 brz-wrapper\">\n<div class=\"brz-rich-text brz-rich-text__custom brz-css-wi9wc\" data-brz-custom-id=\"ulymzyjiwlddoiheflndmbtueihofzevcigi\">\n<div data-brz-translate-text=\"1\">\n<h4 class=\"brz-tp-heading4 brz-text-lg-left brz-css-qU_NL\"><span class=\"brz-cp-color1\">Thibault Dupont 2016<\/span><\/h4>\n<\/div>\n<\/div>\n<\/div>\n<div id class=\"brz-css-tGALZ brz-css-ewI4t brz-wrapper\">\n<div class=\"brz-embed-code brz-css-zWFUe\" data-brz-custom-id=\"frxklokmktcsqypodilyimnwdmpbsrbwmigp\">\n<div class=\"brz-embed-content\">\n<div><\/div>\n<\/div>\n<\/div>\n<\/div>\n<\/div>\n<\/div>\n<\/div>\n<\/div>\n<div class=\"brz-row__container brz-css-mZiLb\" data-brz-custom-id=\"zngjybjsbhylayoamllffeoykyiwafhxyyte\">\n<div class=\"brz-bg\"><\/div>\n<div class=\"brz-row brz-css-oBoU_ brz-css-qTaBQ\">\n<div class=\"brz-columns brz-css-iCPVV brz-css-buhCK\" data-brz-custom-id=\"xxlgaugyyqjnbhiqxmisvigcmrlhwragviyz\">\n<div class=\"brz-bg\"><\/div>\n<div class=\"brz-column__items brz-css-tTfUI brz-css-dVin1\">\n<div id class=\"brz-css-tGALZ brz-css-cv60g brz-wrapper\">\n<div class=\"brz-rich-text brz-rich-text__custom brz-css-wi9wc\" data-brz-custom-id=\"pzsyjxzrnhwpumibrvglnmkucekiwjqfoasd\">\n<div data-brz-translate-text=\"1\">\n<h4 class=\"brz-text-lg-left brz-tp-heading4 brz-css-jhg53\"><span class=\"brz-cp-color1\">Championnats de France &#8211; Massy 2015<\/span><\/h4>\n<\/div>\n<\/div>\n<\/div>\n<div id class=\"brz-css-tGALZ brz-css-y8f2E brz-wrapper\">\n<div class=\"brz-embed-code brz-css-zWFUe\" data-brz-custom-id=\"dddmaqiamknuyyjxhieyffgeiujetxgobppi\">\n<div class=\"brz-embed-content\">\n<div><\/div>\n<\/div>\n<\/div>\n<\/div>\n<\/div>\n<\/div>\n<\/div>\n<\/div>\n<div id class=\"brz-css-tGALZ brz-css-ub7KP brz-wrapper\">\n<div class=\"brz-spacer brz-css-p4ZY_ brz-css-capjv\"><\/div>\n<\/div>\n<div class=\"brz-row__container brz-css-mZiLb\" data-brz-custom-id=\"nhhxfvldxtblmfktivkbumatjpdqyicxcxvg\">\n<div class=\"brz-bg\"><\/div>\n<div class=\"brz-row brz-css-oBoU_ brz-css-qTaBQ\">\n<div class=\"brz-columns brz-css-iCPVV brz-css-pQFyN\" data-brz-custom-id=\"wazfohaevpvwgktmlfftxhspeabctfoknykf\">\n<div class=\"brz-bg\"><\/div>\n<div class=\"brz-column__items brz-css-tTfUI brz-css-xW_VP\">\n<div id class=\"brz-css-tGALZ brz-css-uu_1z brz-wrapper\">\n<div class=\"brz-rich-text brz-rich-text__custom brz-css-wi9wc\" data-brz-custom-id=\"knffpeodmvywjsxokgdjdlxzanpenjeiggdy\">\n<div data-brz-translate-text=\"1\">\n<h4 class=\"brz-tp-heading4 brz-text-lg-left brz-css-kU6Kl\"><span class=\"brz-cp-color1\">Summer Is Coming<\/span><\/h4>\n<\/div>\n<\/div>\n<\/div>\n<div id class=\"brz-css-tGALZ brz-css-xDJXZ brz-wrapper\">\n<div class=\"brz-embed-code brz-css-zWFUe\" data-brz-custom-id=\"wsjgwvhbsgoofbhfkkvqjyuwudbumyxtxwze\">\n<div class=\"brz-embed-content\">\n<div><\/div>\n<\/div>\n<\/div>\n<\/div>\n<\/div>\n<\/div>\n<div class=\"brz-columns brz-css-iCPVV brz-css-cngtO\" data-brz-custom-id=\"spejkuiyyhcanyvgovnxjhmirlqlwsboqxmo\">\n<div class=\"brz-bg\"><\/div>\n<div class=\"brz-column__items brz-css-tTfUI brz-css-xttzr\">\n<div id class=\"brz-css-tGALZ brz-css-xkOSu brz-wrapper\">\n<div class=\"brz-rich-text brz-rich-text__custom brz-css-wi9wc\" data-brz-custom-id=\"kbpjmnaedlleqyhycsxgmpnqgzxexmplsejt\">\n<div data-brz-translate-text=\"1\">\n<h4 class=\"brz-text-lg-left brz-tp-heading4 brz-css-onM6u\"><span class=\"brz-cp-color1\">Indoor de Saint-Etienne 2015<\/span><\/h4>\n<\/div>\n<\/div>\n<\/div>\n<div id class=\"brz-css-tGALZ brz-css-f8mHU brz-wrapper\">\n<div class=\"brz-embed-code brz-css-zWFUe\" data-brz-custom-id=\"bxmmshanyqbdhpcdbodaedwciazenoqqrimp\">\n<div class=\"brz-embed-content\">\n<div><\/div>\n<\/div>\n<\/div>\n<\/div>\n<\/div>\n<\/div>\n<\/div>\n<\/div>\n<\/div>\n<\/div>\n<\/section>\n<\/div>\n<p>    <!-- version:1705114136 --><\/p>","protected":false},"excerpt":{"rendered":"<p>VIDEOS RIDE2CASA Depuis plus de 7 ans, Ride2casa r\u00e9alise des vid\u00e9os via sa cha\u00eene YouTube. Ces courts m\u00e9trages peuvent \u00eatre des pr\u00e9sentations de pilotes ou des r\u00e9sum\u00e9s d&#8217;\u00e9v\u00e9nements. Ils ont pour but de promouvoir ce magnifique sport et montrer ces images au plus grand nombre&#8230; DN Ain Coti\u00e8re BMX 2020 Indoor de Saint-Etienne 2018 Thibault [&hellip;]<\/p>","protected":false},"author":1,"featured_media":0,"parent":0,"menu_order":0,"comment_status":"closed","ping_status":"closed","template":"template-page-builder.php","meta":{"_monsterinsights_skip_tracking":false,"_monsterinsights_sitenote_active":false,"_monsterinsights_sitenote_note":"","_monsterinsights_sitenote_category":0,"footnotes":""},"yoast_head":"<!-- This site is optimized with the Yoast SEO plugin v21.8 - https:\/\/yoast.com\/wordpress\/plugins\/seo\/ -->\n<title>BMX Race Videos - Ride2casa<\/title>\n<meta name=\"description\" content=\"BMX Racing Videos from Ride2casa YouTube Channel. Find all of our videos on the Ride2casa Youtube channel.\" \/>\n<meta name=\"robots\" content=\"index, follow, max-snippet:-1, max-image-preview:large, max-video-preview:-1\" \/>\n<link rel=\"canonical\" href=\"https:\/\/ride2casa.com\/fr\/videos\/\" \/>\n<meta property=\"og:locale\" content=\"fr_FR\" \/>\n<meta property=\"og:type\" content=\"article\" \/>\n<meta property=\"og:title\" content=\"BMX Race Videos - Ride2casa\" \/>\n<meta property=\"og:description\" content=\"BMX Racing Videos from Ride2casa YouTube Channel. Find all of our videos on the Ride2casa Youtube channel.\" \/>\n<meta property=\"og:url\" content=\"https:\/\/ride2casa.com\/fr\/videos\/\" \/>\n<meta property=\"og:site_name\" content=\"Ride2casa\" \/>\n<meta property=\"article:modified_time\" content=\"2024-01-13T02:48:56+00:00\" \/>\n<meta name=\"twitter:label1\" content=\"Dur\u00e9e de lecture estim\u00e9e\" \/>\n\t<meta name=\"twitter:data1\" content=\"1 minute\" \/>\n<script type=\"application\/ld+json\" class=\"yoast-schema-graph\">{\"@context\":\"https:\/\/schema.org\",\"@graph\":[{\"@type\":\"WebPage\",\"@id\":\"https:\/\/ride2casa.com\/fr\/videos\/\",\"url\":\"https:\/\/ride2casa.com\/fr\/videos\/\",\"name\":\"BMX Race Videos - Ride2casa\",\"isPartOf\":{\"@id\":\"https:\/\/ride2casa.com\/#website\"},\"datePublished\":\"2019-07-23T19:25:32+00:00\",\"dateModified\":\"2024-01-13T02:48:56+00:00\",\"description\":\"BMX Racing Videos from Ride2casa YouTube Channel. Find all of our videos on the Ride2casa Youtube channel.\",\"breadcrumb\":{\"@id\":\"https:\/\/ride2casa.com\/fr\/videos\/#breadcrumb\"},\"inLanguage\":\"fr-FR\",\"potentialAction\":[{\"@type\":\"ReadAction\",\"target\":[\"https:\/\/ride2casa.com\/fr\/videos\/\"]}]},{\"@type\":\"BreadcrumbList\",\"@id\":\"https:\/\/ride2casa.com\/fr\/videos\/#breadcrumb\",\"itemListElement\":[{\"@type\":\"ListItem\",\"position\":1,\"name\":\"Accueil\",\"item\":\"https:\/\/ride2casa.com\/\"},{\"@type\":\"ListItem\",\"position\":2,\"name\":\"Videos\"}]},{\"@type\":\"WebSite\",\"@id\":\"https:\/\/ride2casa.com\/#website\",\"url\":\"https:\/\/ride2casa.com\/\",\"name\":\"Ride2casa\",\"description\":\"BMX Race videos and online store - BMX Custom Plates\",\"publisher\":{\"@id\":\"https:\/\/ride2casa.com\/#organization\"},\"potentialAction\":[{\"@type\":\"SearchAction\",\"target\":{\"@type\":\"EntryPoint\",\"urlTemplate\":\"https:\/\/ride2casa.com\/?s={search_term_string}\"},\"query-input\":\"required name=search_term_string\"}],\"inLanguage\":\"fr-FR\"},{\"@type\":\"Organization\",\"@id\":\"https:\/\/ride2casa.com\/#organization\",\"name\":\"Ride2casa\",\"url\":\"https:\/\/ride2casa.com\/\",\"logo\":{\"@type\":\"ImageObject\",\"inLanguage\":\"fr-FR\",\"@id\":\"https:\/\/ride2casa.com\/#\/schema\/logo\/image\/\",\"url\":\"https:\/\/ride2casa.com\/wp-content\/uploads\/2022\/01\/cropped-ride2casa_logo_menu_1400.png\",\"contentUrl\":\"https:\/\/ride2casa.com\/wp-content\/uploads\/2022\/01\/cropped-ride2casa_logo_menu_1400.png\",\"width\":1400,\"height\":300,\"caption\":\"Ride2casa\"},\"image\":{\"@id\":\"https:\/\/ride2casa.com\/#\/schema\/logo\/image\/\"}}]}<\/script>\n<!-- \/ Yoast SEO plugin. -->","yoast_head_json":{"title":"BMX Race Videos - Ride2casa","description":"BMX Racing Videos from Ride2casa YouTube Channel. Find all of our videos on the Ride2casa Youtube channel.","robots":{"index":"index","follow":"follow","max-snippet":"max-snippet:-1","max-image-preview":"max-image-preview:large","max-video-preview":"max-video-preview:-1"},"canonical":"https:\/\/ride2casa.com\/fr\/videos\/","og_locale":"fr_FR","og_type":"article","og_title":"BMX Race Videos - Ride2casa","og_description":"BMX Racing Videos from Ride2casa YouTube Channel. Find all of our videos on the Ride2casa Youtube channel.","og_url":"https:\/\/ride2casa.com\/fr\/videos\/","og_site_name":"Ride2casa","article_modified_time":"2024-01-13T02:48:56+00:00","twitter_misc":{"Dur\u00e9e de lecture estim\u00e9e":"1 minute"},"schema":{"@context":"https:\/\/schema.org","@graph":[{"@type":"WebPage","@id":"https:\/\/ride2casa.com\/fr\/videos\/","url":"https:\/\/ride2casa.com\/fr\/videos\/","name":"BMX Race Videos - Ride2casa","isPartOf":{"@id":"https:\/\/ride2casa.com\/#website"},"datePublished":"2019-07-23T19:25:32+00:00","dateModified":"2024-01-13T02:48:56+00:00","description":"BMX Racing Videos from Ride2casa YouTube Channel. Find all of our videos on the Ride2casa Youtube channel.","breadcrumb":{"@id":"https:\/\/ride2casa.com\/fr\/videos\/#breadcrumb"},"inLanguage":"fr-FR","potentialAction":[{"@type":"ReadAction","target":["https:\/\/ride2casa.com\/fr\/videos\/"]}]},{"@type":"BreadcrumbList","@id":"https:\/\/ride2casa.com\/fr\/videos\/#breadcrumb","itemListElement":[{"@type":"ListItem","position":1,"name":"Accueil","item":"https:\/\/ride2casa.com\/"},{"@type":"ListItem","position":2,"name":"Videos"}]},{"@type":"WebSite","@id":"https:\/\/ride2casa.com\/#website","url":"https:\/\/ride2casa.com\/","name":"Ride2casa","description":"BMX Race videos and online store - BMX Custom Plates","publisher":{"@id":"https:\/\/ride2casa.com\/#organization"},"potentialAction":[{"@type":"SearchAction","target":{"@type":"EntryPoint","urlTemplate":"https:\/\/ride2casa.com\/?s={search_term_string}"},"query-input":"required name=search_term_string"}],"inLanguage":"fr-FR"},{"@type":"Organization","@id":"https:\/\/ride2casa.com\/#organization","name":"Ride2casa","url":"https:\/\/ride2casa.com\/","logo":{"@type":"ImageObject","inLanguage":"fr-FR","@id":"https:\/\/ride2casa.com\/#\/schema\/logo\/image\/","url":"https:\/\/ride2casa.com\/wp-content\/uploads\/2022\/01\/cropped-ride2casa_logo_menu_1400.png","contentUrl":"https:\/\/ride2casa.com\/wp-content\/uploads\/2022\/01\/cropped-ride2casa_logo_menu_1400.png","width":1400,"height":300,"caption":"Ride2casa"},"image":{"@id":"https:\/\/ride2casa.com\/#\/schema\/logo\/image\/"}}]}},"_links":{"self":[{"href":"https:\/\/ride2casa.com\/fr\/wp-json\/wp\/v2\/pages\/152"}],"collection":[{"href":"https:\/\/ride2casa.com\/fr\/wp-json\/wp\/v2\/pages"}],"about":[{"href":"https:\/\/ride2casa.com\/fr\/wp-json\/wp\/v2\/types\/page"}],"author":[{"embeddable":true,"href":"https:\/\/ride2casa.com\/fr\/wp-json\/wp\/v2\/users\/1"}],"replies":[{"embeddable":true,"href":"https:\/\/ride2casa.com\/fr\/wp-json\/wp\/v2\/comments?post=152"}],"version-history":[{"count":30,"href":"https:\/\/ride2casa.com\/fr\/wp-json\/wp\/v2\/pages\/152\/revisions"}],"predecessor-version":[{"id":1686,"href":"https:\/\/ride2casa.com\/fr\/wp-json\/wp\/v2\/pages\/152\/revisions\/1686"}],"wp:attachment":[{"href":"https:\/\/ride2casa.com\/fr\/wp-json\/wp\/v2\/media?parent=152"}],"curies":[{"name":"wp","href":"https:\/\/api.w.org\/{rel}","templated":true}]}}