{"id":37,"date":"2019-05-13T18:32:17","date_gmt":"2019-05-13T16:32:17","guid":{"rendered":"http:\/\/ride2casa.com\/boutique\/"},"modified":"2024-01-16T22:53:25","modified_gmt":"2024-01-17T03:53:25","slug":"shop","status":"publish","type":"page","link":"https:\/\/ride2casa.com\/fr\/shop\/","title":{"rendered":"Shop"},"content":{"rendered":"<h1 class=\"wp-block-heading has-text-align-center shop-title shop-h1 has-large-font-size\" style=\"font-style:normal;font-weight:400\">BMX PLATE STICKERS<\/h1>\n\n\n\n<h3 class=\"wp-block-heading has-text-align-center has-medium-font-size\" style=\"font-style:normal;font-weight:300\"><em>Choisis ton mod\u00e8le de plaque avant de cr\u00e9\u00e9r ton design<\/em><\/h3>\n\n\n\n<p><div class=\"woocommerce columns-4\"><ul class=\"products columns-4\">\n<li class=\"product type-product post-769 status-publish first instock product_cat-custom product_cat-plaque-answer-mini has-post-thumbnail taxable shipping-taxable purchasable product-type-simple\">\n\t<a href=\"https:\/\/ride2casa.com\/fr\/produit\/custom-answer-mini\" class=\"woocommerce-LoopProduct-link woocommerce-loop-product__link\"><img loading=\"lazy\" decoding=\"async\" width=\"800\" height=\"800\" src=\"https:\/\/ride2casa.com\/wp-content\/uploads\/2021\/12\/custom-answer-mini.jpg\" class=\"attachment-shop_catalog size-shop_catalog wp-post-image\" alt=\"Answer Mini Custom BMX Plate\" title=\"custom-answer-mini\" srcset=\"https:\/\/ride2casa.com\/wp-content\/uploads\/2021\/12\/custom-answer-mini.jpg 800w, https:\/\/ride2casa.com\/wp-content\/uploads\/2021\/12\/custom-answer-mini-300x300.jpg 300w, https:\/\/ride2casa.com\/wp-content\/uploads\/2021\/12\/custom-answer-mini-150x150.jpg 150w, https:\/\/ride2casa.com\/wp-content\/uploads\/2021\/12\/custom-answer-mini-768x768.jpg 768w, https:\/\/ride2casa.com\/wp-content\/uploads\/2021\/12\/custom-answer-mini-12x12.jpg 12w, https:\/\/ride2casa.com\/wp-content\/uploads\/2021\/12\/custom-answer-mini-500x500.jpg 500w, https:\/\/ride2casa.com\/wp-content\/uploads\/2021\/12\/custom-answer-mini-555x555.jpg 555w, https:\/\/ride2casa.com\/wp-content\/uploads\/2021\/12\/custom-answer-mini-160x160.jpg 160w\" sizes=\"(max-width: 800px) 100vw, 800px\" \/><img loading=\"lazy\" decoding=\"async\" width=\"262\" height=\"328\" src=\"https:\/\/ride2casa.com\/wp-content\/uploads\/2021\/12\/answer-mini-thumbnail-2-262x328.jpg\" class=\"attachment-shop_catalog size-shop_catalog\" alt=\"\" srcset=\"https:\/\/ride2casa.com\/wp-content\/uploads\/2021\/12\/answer-mini-thumbnail-2-262x328.jpg 262w, https:\/\/ride2casa.com\/wp-content\/uploads\/2021\/12\/answer-mini-thumbnail-2-58x72.jpg 58w\" sizes=\"(max-width: 262px) 100vw, 262px\" \/><h2 class=\"woocommerce-loop-product__title\">Answer Mini<br> Custom Sticker<\/h2>\n\t<span class=\"price\"><span class=\"wcpbc-price wcpbc-price-769\" data-product-id=\"769\"><span class=\"woocommerce-Price-amount amount\"><bdi><span class=\"woocommerce-Price-currencySymbol\">&#36;<\/span>25.00<\/bdi><\/span><\/span><\/span>\n<\/a><a rel=\"nofollow\" href=\"https:\/\/ride2casa.com\/fr\/produit\/custom-answer-mini\" data-quantity=\"1\" data-product_id=\"769\" data-product_sku=\"\" class=\"button fpd-catalog-customize product_type_simple\">Personnaliser<\/a><\/li>\n<li class=\"product type-product post-767 status-publish instock product_cat-custom product_cat-plaque-answer-pro has-post-thumbnail taxable shipping-taxable purchasable product-type-simple\">\n\t<a href=\"https:\/\/ride2casa.com\/fr\/produit\/custom-answer-pro\" class=\"woocommerce-LoopProduct-link woocommerce-loop-product__link\"><img loading=\"lazy\" decoding=\"async\" width=\"1150\" height=\"1150\" src=\"https:\/\/ride2casa.com\/wp-content\/uploads\/2021\/12\/custom-answer-pro.jpg\" class=\"attachment-shop_catalog size-shop_catalog wp-post-image\" alt=\"Answer Pro Custom BMX Plate\" title=\"custom-answer-pro\" srcset=\"https:\/\/ride2casa.com\/wp-content\/uploads\/2021\/12\/custom-answer-pro.jpg 1150w, https:\/\/ride2casa.com\/wp-content\/uploads\/2021\/12\/custom-answer-pro-300x300.jpg 300w, https:\/\/ride2casa.com\/wp-content\/uploads\/2021\/12\/custom-answer-pro-1024x1024.jpg 1024w, https:\/\/ride2casa.com\/wp-content\/uploads\/2021\/12\/custom-answer-pro-150x150.jpg 150w, https:\/\/ride2casa.com\/wp-content\/uploads\/2021\/12\/custom-answer-pro-768x768.jpg 768w, https:\/\/ride2casa.com\/wp-content\/uploads\/2021\/12\/custom-answer-pro-12x12.jpg 12w, https:\/\/ride2casa.com\/wp-content\/uploads\/2021\/12\/custom-answer-pro-500x500.jpg 500w, https:\/\/ride2casa.com\/wp-content\/uploads\/2021\/12\/custom-answer-pro-555x555.jpg 555w, https:\/\/ride2casa.com\/wp-content\/uploads\/2021\/12\/custom-answer-pro-160x160.jpg 160w\" sizes=\"(max-width: 1150px) 100vw, 1150px\" \/><img loading=\"lazy\" decoding=\"async\" width=\"262\" height=\"328\" src=\"https:\/\/ride2casa.com\/wp-content\/uploads\/2021\/12\/answer-pro-thumbnail-2-262x328.jpg\" class=\"attachment-shop_catalog size-shop_catalog\" alt=\"\" srcset=\"https:\/\/ride2casa.com\/wp-content\/uploads\/2021\/12\/answer-pro-thumbnail-2-262x328.jpg 262w, https:\/\/ride2casa.com\/wp-content\/uploads\/2021\/12\/answer-pro-thumbnail-2-58x72.jpg 58w\" sizes=\"(max-width: 262px) 100vw, 262px\" \/><h2 class=\"woocommerce-loop-product__title\">Answer Pro<br> Custom Sticker<\/h2>\n\t<span class=\"price\"><span class=\"wcpbc-price wcpbc-price-767\" data-product-id=\"767\"><span class=\"woocommerce-Price-amount amount\"><bdi><span class=\"woocommerce-Price-currencySymbol\">&#36;<\/span>26.00<\/bdi><\/span><\/span><\/span>\n<\/a><a rel=\"nofollow\" href=\"https:\/\/ride2casa.com\/fr\/produit\/custom-answer-pro\" data-quantity=\"1\" data-product_id=\"767\" data-product_sku=\"\" class=\"button fpd-catalog-customize product_type_simple\">Personnaliser<\/a><\/li>\n<li class=\"product type-product post-763 status-publish instock product_cat-custom product_cat-plaque-box-mini has-post-thumbnail taxable shipping-taxable purchasable product-type-simple\">\n\t<a href=\"https:\/\/ride2casa.com\/fr\/produit\/custom-box-mini\" class=\"woocommerce-LoopProduct-link woocommerce-loop-product__link\"><img loading=\"lazy\" decoding=\"async\" width=\"1400\" height=\"1400\" src=\"https:\/\/ride2casa.com\/wp-content\/uploads\/2021\/12\/custom-box-mini.jpg\" class=\"attachment-shop_catalog size-shop_catalog wp-post-image\" alt=\"Box Mini Custom BMX Plate\" title=\"custom-box-mini\" srcset=\"https:\/\/ride2casa.com\/wp-content\/uploads\/2021\/12\/custom-box-mini.jpg 1400w, https:\/\/ride2casa.com\/wp-content\/uploads\/2021\/12\/custom-box-mini-300x300.jpg 300w, https:\/\/ride2casa.com\/wp-content\/uploads\/2021\/12\/custom-box-mini-1024x1024.jpg 1024w, https:\/\/ride2casa.com\/wp-content\/uploads\/2021\/12\/custom-box-mini-150x150.jpg 150w, https:\/\/ride2casa.com\/wp-content\/uploads\/2021\/12\/custom-box-mini-768x768.jpg 768w, https:\/\/ride2casa.com\/wp-content\/uploads\/2021\/12\/custom-box-mini-12x12.jpg 12w, https:\/\/ride2casa.com\/wp-content\/uploads\/2021\/12\/custom-box-mini-500x500.jpg 500w, https:\/\/ride2casa.com\/wp-content\/uploads\/2021\/12\/custom-box-mini-555x555.jpg 555w, https:\/\/ride2casa.com\/wp-content\/uploads\/2021\/12\/custom-box-mini-160x160.jpg 160w\" sizes=\"(max-width: 1400px) 100vw, 1400px\" \/><img loading=\"lazy\" decoding=\"async\" width=\"262\" height=\"328\" src=\"https:\/\/ride2casa.com\/wp-content\/uploads\/2021\/12\/box-mini-thumbnail-2-262x328.jpg\" class=\"attachment-shop_catalog size-shop_catalog\" alt=\"\" srcset=\"https:\/\/ride2casa.com\/wp-content\/uploads\/2021\/12\/box-mini-thumbnail-2-262x328.jpg 262w, https:\/\/ride2casa.com\/wp-content\/uploads\/2021\/12\/box-mini-thumbnail-2-58x72.jpg 58w\" sizes=\"(max-width: 262px) 100vw, 262px\" \/><h2 class=\"woocommerce-loop-product__title\">BOX Mini<br> Custom Sticker<\/h2>\n\t<span class=\"price\"><span class=\"wcpbc-price wcpbc-price-763\" data-product-id=\"763\"><span class=\"woocommerce-Price-amount amount\"><bdi><span class=\"woocommerce-Price-currencySymbol\">&#36;<\/span>25.00<\/bdi><\/span><\/span><\/span>\n<\/a><a rel=\"nofollow\" href=\"https:\/\/ride2casa.com\/fr\/produit\/custom-box-mini\" data-quantity=\"1\" data-product_id=\"763\" data-product_sku=\"\" class=\"button fpd-catalog-customize product_type_simple\">Personnaliser<\/a><\/li>\n<li class=\"product type-product post-690 status-publish last instock product_cat-custom product_cat-plaque-box has-post-thumbnail taxable shipping-taxable purchasable product-type-simple\">\n\t<a href=\"https:\/\/ride2casa.com\/fr\/produit\/custom-box-pro\" class=\"woocommerce-LoopProduct-link woocommerce-loop-product__link\"><img loading=\"lazy\" decoding=\"async\" width=\"1300\" height=\"1300\" src=\"https:\/\/ride2casa.com\/wp-content\/uploads\/2021\/12\/custom-box-pro.jpg\" class=\"attachment-shop_catalog size-shop_catalog wp-post-image\" alt=\"Box Pro Custom BMX Plate\" title=\"custom-box-pro\" srcset=\"https:\/\/ride2casa.com\/wp-content\/uploads\/2021\/12\/custom-box-pro.jpg 1300w, https:\/\/ride2casa.com\/wp-content\/uploads\/2021\/12\/custom-box-pro-300x300.jpg 300w, https:\/\/ride2casa.com\/wp-content\/uploads\/2021\/12\/custom-box-pro-1024x1024.jpg 1024w, https:\/\/ride2casa.com\/wp-content\/uploads\/2021\/12\/custom-box-pro-150x150.jpg 150w, https:\/\/ride2casa.com\/wp-content\/uploads\/2021\/12\/custom-box-pro-768x768.jpg 768w, https:\/\/ride2casa.com\/wp-content\/uploads\/2021\/12\/custom-box-pro-12x12.jpg 12w, https:\/\/ride2casa.com\/wp-content\/uploads\/2021\/12\/custom-box-pro-500x500.jpg 500w, https:\/\/ride2casa.com\/wp-content\/uploads\/2021\/12\/custom-box-pro-555x555.jpg 555w, https:\/\/ride2casa.com\/wp-content\/uploads\/2021\/12\/custom-box-pro-160x160.jpg 160w\" sizes=\"(max-width: 1300px) 100vw, 1300px\" \/><img loading=\"lazy\" decoding=\"async\" width=\"262\" height=\"328\" src=\"https:\/\/ride2casa.com\/wp-content\/uploads\/2021\/11\/box-pro-thumbnail-2-262x328.jpg\" class=\"attachment-shop_catalog size-shop_catalog\" alt=\"\" srcset=\"https:\/\/ride2casa.com\/wp-content\/uploads\/2021\/11\/box-pro-thumbnail-2-262x328.jpg 262w, https:\/\/ride2casa.com\/wp-content\/uploads\/2021\/11\/box-pro-thumbnail-2-58x72.jpg 58w\" sizes=\"(max-width: 262px) 100vw, 262px\" \/><h2 class=\"woocommerce-loop-product__title\">BOX Pro<br> Custom Sticker<\/h2>\n\t<span class=\"price\"><span class=\"wcpbc-price wcpbc-price-690\" data-product-id=\"690\"><span class=\"woocommerce-Price-amount amount\"><bdi><span class=\"woocommerce-Price-currencySymbol\">&#36;<\/span>26.00<\/bdi><\/span><\/span><\/span>\n<\/a><a rel=\"nofollow\" href=\"https:\/\/ride2casa.com\/fr\/produit\/custom-box-pro\" data-quantity=\"1\" data-product_id=\"690\" data-product_sku=\"\" class=\"button fpd-catalog-customize product_type_simple\">Personnaliser<\/a><\/li>\n<li class=\"product type-product post-766 status-publish first instock product_cat-custom product_cat-plaque-mac-mini has-post-thumbnail taxable shipping-taxable purchasable product-type-simple\">\n\t<a href=\"https:\/\/ride2casa.com\/fr\/produit\/custom-mac-one-mini\" class=\"woocommerce-LoopProduct-link woocommerce-loop-product__link\"><img loading=\"lazy\" decoding=\"async\" width=\"900\" height=\"900\" src=\"https:\/\/ride2casa.com\/wp-content\/uploads\/2021\/12\/custom-mac-one-mini.jpg\" class=\"attachment-shop_catalog size-shop_catalog wp-post-image\" alt=\"Mac One Mini Custom BMX Plate\" title=\"custom-mac-one-mini\" srcset=\"https:\/\/ride2casa.com\/wp-content\/uploads\/2021\/12\/custom-mac-one-mini.jpg 900w, https:\/\/ride2casa.com\/wp-content\/uploads\/2021\/12\/custom-mac-one-mini-300x300.jpg 300w, https:\/\/ride2casa.com\/wp-content\/uploads\/2021\/12\/custom-mac-one-mini-150x150.jpg 150w, https:\/\/ride2casa.com\/wp-content\/uploads\/2021\/12\/custom-mac-one-mini-768x768.jpg 768w, https:\/\/ride2casa.com\/wp-content\/uploads\/2021\/12\/custom-mac-one-mini-12x12.jpg 12w, https:\/\/ride2casa.com\/wp-content\/uploads\/2021\/12\/custom-mac-one-mini-500x500.jpg 500w, https:\/\/ride2casa.com\/wp-content\/uploads\/2021\/12\/custom-mac-one-mini-555x555.jpg 555w, https:\/\/ride2casa.com\/wp-content\/uploads\/2021\/12\/custom-mac-one-mini-160x160.jpg 160w\" sizes=\"(max-width: 900px) 100vw, 900px\" \/><img loading=\"lazy\" decoding=\"async\" width=\"262\" height=\"328\" src=\"https:\/\/ride2casa.com\/wp-content\/uploads\/2021\/12\/mac-one-mini-thumbnail-2-262x328.jpg\" class=\"attachment-shop_catalog size-shop_catalog\" alt=\"\" \/><h2 class=\"woocommerce-loop-product__title\">Mac One Mini<br> Custom Sticker<\/h2>\n\t<span class=\"price\"><span class=\"wcpbc-price wcpbc-price-766\" data-product-id=\"766\"><span class=\"woocommerce-Price-amount amount\"><bdi><span class=\"woocommerce-Price-currencySymbol\">&#36;<\/span>25.00<\/bdi><\/span><\/span><\/span>\n<\/a><a rel=\"nofollow\" href=\"https:\/\/ride2casa.com\/fr\/produit\/custom-mac-one-mini\" data-quantity=\"1\" data-product_id=\"766\" data-product_sku=\"\" class=\"button fpd-catalog-customize product_type_simple\">Personnaliser<\/a><\/li>\n<li class=\"product type-product post-765 status-publish instock product_cat-custom product_cat-plaque-mac-pro has-post-thumbnail taxable shipping-taxable purchasable product-type-simple\">\n\t<a href=\"https:\/\/ride2casa.com\/fr\/produit\/custom-mac-one-pro\" class=\"woocommerce-LoopProduct-link woocommerce-loop-product__link\"><img loading=\"lazy\" decoding=\"async\" width=\"900\" height=\"900\" src=\"https:\/\/ride2casa.com\/wp-content\/uploads\/2021\/12\/custom-mac-one-pro.jpg\" class=\"attachment-shop_catalog size-shop_catalog wp-post-image\" alt=\"Mac One Pro Custom BMX Plate\" title=\"custom-mac-one-pro\" srcset=\"https:\/\/ride2casa.com\/wp-content\/uploads\/2021\/12\/custom-mac-one-pro.jpg 900w, https:\/\/ride2casa.com\/wp-content\/uploads\/2021\/12\/custom-mac-one-pro-300x300.jpg 300w, https:\/\/ride2casa.com\/wp-content\/uploads\/2021\/12\/custom-mac-one-pro-150x150.jpg 150w, https:\/\/ride2casa.com\/wp-content\/uploads\/2021\/12\/custom-mac-one-pro-768x768.jpg 768w, https:\/\/ride2casa.com\/wp-content\/uploads\/2021\/12\/custom-mac-one-pro-12x12.jpg 12w, https:\/\/ride2casa.com\/wp-content\/uploads\/2021\/12\/custom-mac-one-pro-500x500.jpg 500w, https:\/\/ride2casa.com\/wp-content\/uploads\/2021\/12\/custom-mac-one-pro-555x555.jpg 555w, https:\/\/ride2casa.com\/wp-content\/uploads\/2021\/12\/custom-mac-one-pro-160x160.jpg 160w\" sizes=\"(max-width: 900px) 100vw, 900px\" \/><img loading=\"lazy\" decoding=\"async\" width=\"262\" height=\"328\" src=\"https:\/\/ride2casa.com\/wp-content\/uploads\/2021\/12\/mac-one-pro-thumbnail-2-262x328.jpg\" class=\"attachment-shop_catalog size-shop_catalog\" alt=\"\" srcset=\"https:\/\/ride2casa.com\/wp-content\/uploads\/2021\/12\/mac-one-pro-thumbnail-2-262x328.jpg 262w, https:\/\/ride2casa.com\/wp-content\/uploads\/2021\/12\/mac-one-pro-thumbnail-2-58x72.jpg 58w\" sizes=\"(max-width: 262px) 100vw, 262px\" \/><h2 class=\"woocommerce-loop-product__title\">Mac One Pro<br> Custom Sticker<\/h2>\n\t<span class=\"price\"><span class=\"wcpbc-price wcpbc-price-765\" data-product-id=\"765\"><span class=\"woocommerce-Price-amount amount\"><bdi><span class=\"woocommerce-Price-currencySymbol\">&#36;<\/span>26.00<\/bdi><\/span><\/span><\/span>\n<\/a><a rel=\"nofollow\" href=\"https:\/\/ride2casa.com\/fr\/produit\/custom-mac-one-pro\" data-quantity=\"1\" data-product_id=\"765\" data-product_sku=\"\" class=\"button fpd-catalog-customize product_type_simple\">Personnaliser<\/a><\/li>\n<li class=\"product type-product post-764 status-publish instock product_cat-custom product_cat-plaque-tangent has-post-thumbnail taxable shipping-taxable purchasable product-type-simple\">\n\t<a href=\"https:\/\/ride2casa.com\/fr\/produit\/custom-tangent\" class=\"woocommerce-LoopProduct-link woocommerce-loop-product__link\"><img loading=\"lazy\" decoding=\"async\" width=\"650\" height=\"650\" src=\"https:\/\/ride2casa.com\/wp-content\/uploads\/2021\/12\/custom-tangent.jpg\" class=\"attachment-shop_catalog size-shop_catalog wp-post-image\" alt=\"Tangent Custom BMX Plate\" title=\"custom-tangent\" srcset=\"https:\/\/ride2casa.com\/wp-content\/uploads\/2021\/12\/custom-tangent.jpg 650w, https:\/\/ride2casa.com\/wp-content\/uploads\/2021\/12\/custom-tangent-300x300.jpg 300w, https:\/\/ride2casa.com\/wp-content\/uploads\/2021\/12\/custom-tangent-150x150.jpg 150w, https:\/\/ride2casa.com\/wp-content\/uploads\/2021\/12\/custom-tangent-12x12.jpg 12w, https:\/\/ride2casa.com\/wp-content\/uploads\/2021\/12\/custom-tangent-500x500.jpg 500w, https:\/\/ride2casa.com\/wp-content\/uploads\/2021\/12\/custom-tangent-555x555.jpg 555w, https:\/\/ride2casa.com\/wp-content\/uploads\/2021\/12\/custom-tangent-160x160.jpg 160w\" sizes=\"(max-width: 650px) 100vw, 650px\" \/><img loading=\"lazy\" decoding=\"async\" width=\"262\" height=\"328\" src=\"https:\/\/ride2casa.com\/wp-content\/uploads\/2021\/12\/tangent-thumbnail-2-262x328.jpg\" class=\"attachment-shop_catalog size-shop_catalog\" alt=\"\" srcset=\"https:\/\/ride2casa.com\/wp-content\/uploads\/2021\/12\/tangent-thumbnail-2-262x328.jpg 262w, https:\/\/ride2casa.com\/wp-content\/uploads\/2021\/12\/tangent-thumbnail-2-58x72.jpg 58w\" sizes=\"(max-width: 262px) 100vw, 262px\" \/><h2 class=\"woocommerce-loop-product__title\">Tangent<br> Custom Sticker<\/h2>\n\t<span class=\"price\"><span class=\"wcpbc-price wcpbc-price-764\" data-product-id=\"764\"><span class=\"woocommerce-Price-amount amount\"><bdi><span class=\"woocommerce-Price-currencySymbol\">&#36;<\/span>26.00<\/bdi><\/span><\/span><\/span>\n<\/a><a rel=\"nofollow\" href=\"https:\/\/ride2casa.com\/fr\/produit\/custom-tangent\" data-quantity=\"1\" data-product_id=\"764\" data-product_sku=\"\" class=\"button fpd-catalog-customize product_type_simple\">Personnaliser<\/a><\/li>\n<\/ul>\n<\/div><meta charset=\"utf-8\"><\/meta><div class=\"woocommerce columns-4\"><ul class=\"products columns-4\">\n<li class=\"product-category product first\">\n\t<a aria-label=\"Acc\u00e9der \u00e0 la cat\u00e9gorie de produits Limited edition\" href=\"https:\/\/ride2casa.com\/fr\/categorie-produit\/limited-edition\" data-no-translation-aria-label=\"\"><img loading=\"lazy\" decoding=\"async\" src=\"https:\/\/ride2casa.com\/wp-content\/uploads\/2024\/09\/paris-2024-thumbnail-1-262x328.jpg\" alt=\"Limited edition\" width=\"262\" height=\"328\" srcset=\"https:\/\/ride2casa.com\/wp-content\/uploads\/2024\/09\/paris-2024-thumbnail-1-262x328.jpg 262w, https:\/\/ride2casa.com\/wp-content\/uploads\/2024\/09\/paris-2024-thumbnail-1-58x72.jpg 58w\" sizes=\"(max-width: 262px) 100vw, 262px\" \/>\t\t<h2 class=\"woocommerce-loop-category__title\">\n\t\t\tLimited edition <mark class=\"count\">(3)<\/mark>\t\t<\/h2>\n\t\t<\/a><\/li>\n<\/ul>\n<\/div><\/p>","protected":false},"excerpt":{"rendered":"<p>BMX PLATE STICKERS Choose your plate model before creating your design<\/p>","protected":false},"author":1,"featured_media":0,"parent":0,"menu_order":0,"comment_status":"closed","ping_status":"closed","template":"template-fullwidth-no-title.php","meta":{"_monsterinsights_skip_tracking":false,"_monsterinsights_sitenote_active":false,"_monsterinsights_sitenote_note":"","_monsterinsights_sitenote_category":0,"footnotes":""},"yoast_head":"<!-- This site is optimized with the Yoast SEO plugin v21.8 - https:\/\/yoast.com\/wordpress\/plugins\/seo\/ -->\n<title>Shop - BMX Plate Custom sticker - Create personalized graphics - Ride2casa<\/title>\n<meta name=\"description\" content=\"Shop personalized BMX plate stickers with custom graphics. Box, Mac One, Tangent, Answer. Create your design with sponsors and logos.\" \/>\n<meta name=\"robots\" content=\"index, follow, max-snippet:-1, max-image-preview:large, max-video-preview:-1\" \/>\n<link rel=\"canonical\" href=\"https:\/\/ride2casa.com\/fr\/shop\/\" \/>\n<meta property=\"og:locale\" content=\"fr_FR\" \/>\n<meta property=\"og:type\" content=\"article\" \/>\n<meta property=\"og:title\" content=\"Shop - BMX Plate Custom sticker - Create personalized graphics - Ride2casa\" \/>\n<meta property=\"og:description\" content=\"Shop personalized BMX plate stickers with custom graphics. Box, Mac One, Tangent, Answer. Create your design with sponsors and logos.\" \/>\n<meta property=\"og:url\" content=\"https:\/\/ride2casa.com\/fr\/shop\/\" \/>\n<meta property=\"og:site_name\" content=\"Ride2casa\" \/>\n<meta property=\"article:modified_time\" content=\"2024-01-17T03:53:25+00:00\" \/>\n<meta name=\"twitter:label1\" content=\"Dur\u00e9e de lecture estim\u00e9e\" \/>\n\t<meta name=\"twitter:data1\" content=\"1 minute\" \/>\n<script type=\"application\/ld+json\" class=\"yoast-schema-graph\">{\"@context\":\"https:\/\/schema.org\",\"@graph\":[{\"@type\":\"WebPage\",\"@id\":\"https:\/\/ride2casa.com\/shop\/\",\"url\":\"https:\/\/ride2casa.com\/shop\/\",\"name\":\"Shop - BMX Plate Custom sticker - Create personalized graphics - Ride2casa\",\"isPartOf\":{\"@id\":\"https:\/\/ride2casa.com\/#website\"},\"datePublished\":\"2019-05-13T16:32:17+00:00\",\"dateModified\":\"2024-01-17T03:53:25+00:00\",\"description\":\"Shop personalized BMX plate stickers with custom graphics. Box, Mac One, Tangent, Answer. Create your design with sponsors and logos.\",\"breadcrumb\":{\"@id\":\"https:\/\/ride2casa.com\/shop\/#breadcrumb\"},\"inLanguage\":\"fr-FR\",\"potentialAction\":[{\"@type\":\"ReadAction\",\"target\":[\"https:\/\/ride2casa.com\/shop\/\"]}]},{\"@type\":\"BreadcrumbList\",\"@id\":\"https:\/\/ride2casa.com\/shop\/#breadcrumb\",\"itemListElement\":[{\"@type\":\"ListItem\",\"position\":1,\"name\":\"Accueil\",\"item\":\"https:\/\/ride2casa.com\/\"},{\"@type\":\"ListItem\",\"position\":2,\"name\":\"Shop\"}]},{\"@type\":\"WebSite\",\"@id\":\"https:\/\/ride2casa.com\/#website\",\"url\":\"https:\/\/ride2casa.com\/\",\"name\":\"Ride2casa\",\"description\":\"BMX Race videos and online store - BMX Custom Plates\",\"publisher\":{\"@id\":\"https:\/\/ride2casa.com\/#organization\"},\"potentialAction\":[{\"@type\":\"SearchAction\",\"target\":{\"@type\":\"EntryPoint\",\"urlTemplate\":\"https:\/\/ride2casa.com\/?s={search_term_string}\"},\"query-input\":\"required name=search_term_string\"}],\"inLanguage\":\"fr-FR\"},{\"@type\":\"Organization\",\"@id\":\"https:\/\/ride2casa.com\/#organization\",\"name\":\"Ride2casa\",\"url\":\"https:\/\/ride2casa.com\/\",\"logo\":{\"@type\":\"ImageObject\",\"inLanguage\":\"fr-FR\",\"@id\":\"https:\/\/ride2casa.com\/#\/schema\/logo\/image\/\",\"url\":\"https:\/\/ride2casa.com\/wp-content\/uploads\/2022\/01\/cropped-ride2casa_logo_menu_1400.png\",\"contentUrl\":\"https:\/\/ride2casa.com\/wp-content\/uploads\/2022\/01\/cropped-ride2casa_logo_menu_1400.png\",\"width\":1400,\"height\":300,\"caption\":\"Ride2casa\"},\"image\":{\"@id\":\"https:\/\/ride2casa.com\/#\/schema\/logo\/image\/\"}}]}<\/script>\n<!-- \/ Yoast SEO plugin. -->","yoast_head_json":{"title":"Shop - BMX Plate Custom sticker - Create personalized graphics - Ride2casa","description":"Shop personalized BMX plate stickers with custom graphics. Box, Mac One, Tangent, Answer. Create your design with sponsors and logos.","robots":{"index":"index","follow":"follow","max-snippet":"max-snippet:-1","max-image-preview":"max-image-preview:large","max-video-preview":"max-video-preview:-1"},"canonical":"https:\/\/ride2casa.com\/fr\/shop\/","og_locale":"fr_FR","og_type":"article","og_title":"Shop - BMX Plate Custom sticker - Create personalized graphics - Ride2casa","og_description":"Shop personalized BMX plate stickers with custom graphics. Box, Mac One, Tangent, Answer. Create your design with sponsors and logos.","og_url":"https:\/\/ride2casa.com\/fr\/shop\/","og_site_name":"Ride2casa","article_modified_time":"2024-01-17T03:53:25+00:00","twitter_misc":{"Dur\u00e9e de lecture estim\u00e9e":"1 minute"},"schema":{"@context":"https:\/\/schema.org","@graph":[{"@type":"WebPage","@id":"https:\/\/ride2casa.com\/shop\/","url":"https:\/\/ride2casa.com\/shop\/","name":"Shop - BMX Plate Custom sticker - Create personalized graphics - Ride2casa","isPartOf":{"@id":"https:\/\/ride2casa.com\/#website"},"datePublished":"2019-05-13T16:32:17+00:00","dateModified":"2024-01-17T03:53:25+00:00","description":"Shop personalized BMX plate stickers with custom graphics. Box, Mac One, Tangent, Answer. Create your design with sponsors and logos.","breadcrumb":{"@id":"https:\/\/ride2casa.com\/shop\/#breadcrumb"},"inLanguage":"fr-FR","potentialAction":[{"@type":"ReadAction","target":["https:\/\/ride2casa.com\/shop\/"]}]},{"@type":"BreadcrumbList","@id":"https:\/\/ride2casa.com\/shop\/#breadcrumb","itemListElement":[{"@type":"ListItem","position":1,"name":"Accueil","item":"https:\/\/ride2casa.com\/"},{"@type":"ListItem","position":2,"name":"Shop"}]},{"@type":"WebSite","@id":"https:\/\/ride2casa.com\/#website","url":"https:\/\/ride2casa.com\/","name":"Ride2casa","description":"BMX Race videos and online store - BMX Custom Plates","publisher":{"@id":"https:\/\/ride2casa.com\/#organization"},"potentialAction":[{"@type":"SearchAction","target":{"@type":"EntryPoint","urlTemplate":"https:\/\/ride2casa.com\/?s={search_term_string}"},"query-input":"required name=search_term_string"}],"inLanguage":"fr-FR"},{"@type":"Organization","@id":"https:\/\/ride2casa.com\/#organization","name":"Ride2casa","url":"https:\/\/ride2casa.com\/","logo":{"@type":"ImageObject","inLanguage":"fr-FR","@id":"https:\/\/ride2casa.com\/#\/schema\/logo\/image\/","url":"https:\/\/ride2casa.com\/wp-content\/uploads\/2022\/01\/cropped-ride2casa_logo_menu_1400.png","contentUrl":"https:\/\/ride2casa.com\/wp-content\/uploads\/2022\/01\/cropped-ride2casa_logo_menu_1400.png","width":1400,"height":300,"caption":"Ride2casa"},"image":{"@id":"https:\/\/ride2casa.com\/#\/schema\/logo\/image\/"}}]}},"_links":{"self":[{"href":"https:\/\/ride2casa.com\/fr\/wp-json\/wp\/v2\/pages\/37"}],"collection":[{"href":"https:\/\/ride2casa.com\/fr\/wp-json\/wp\/v2\/pages"}],"about":[{"href":"https:\/\/ride2casa.com\/fr\/wp-json\/wp\/v2\/types\/page"}],"author":[{"embeddable":true,"href":"https:\/\/ride2casa.com\/fr\/wp-json\/wp\/v2\/users\/1"}],"replies":[{"embeddable":true,"href":"https:\/\/ride2casa.com\/fr\/wp-json\/wp\/v2\/comments?post=37"}],"version-history":[{"count":31,"href":"https:\/\/ride2casa.com\/fr\/wp-json\/wp\/v2\/pages\/37\/revisions"}],"predecessor-version":[{"id":1834,"href":"https:\/\/ride2casa.com\/fr\/wp-json\/wp\/v2\/pages\/37\/revisions\/1834"}],"wp:attachment":[{"href":"https:\/\/ride2casa.com\/fr\/wp-json\/wp\/v2\/media?parent=37"}],"curies":[{"name":"wp","href":"https:\/\/api.w.org\/{rel}","templated":true}]}}