{"id":1911,"date":"2024-05-06T09:37:50","date_gmt":"2024-05-06T14:37:50","guid":{"rendered":"https:\/\/ride2casa.com\/?post_type=product&#038;p=1911"},"modified":"2025-11-30T17:37:22","modified_gmt":"2025-11-30T22:37:22","slug":"bmx-neuville-2024","status":"publish","type":"product","link":"https:\/\/ride2casa.com\/fr\/produit\/bmx-neuville-2024","title":{"rendered":"BMX Neuville 2024<br><div class=\"woocommerce-loop-product__categories\">Box Pro &#8211; Box Mini &#8211; Tangent<\/div>"},"content":{"rendered":"","protected":false},"excerpt":{"rendered":"<p>Vendu sans plaque, ceci est un autocolant pr\u00e9d\u00e9coup\u00e9 \u00e0 coller sur la plaque de votre choix.<\/p>\n<h4>Suivez <strong><a href=\"https:\/\/ride2casa.com\/fr\/info\/\" target=\"_blank\" rel=\"noopener noreferrer\">nos conseils<\/a><\/strong> pour commander votre plaque.<\/h4>","protected":false},"featured_media":1913,"template":"","meta":{"_monsterinsights_skip_tracking":false,"_monsterinsights_sitenote_active":false,"_monsterinsights_sitenote_note":"","_monsterinsights_sitenote_category":0},"product_cat":[28,17,19,18],"product_tag":[],"yoast_head":"<!-- This site is optimized with the Yoast SEO plugin v21.8 - https:\/\/yoast.com\/wordpress\/plugins\/seo\/ -->\n<title>BMX Neuville 2024Box Pro - Box Mini - Tangent - Plaque Custom - Ride2casa<\/title>\n<meta name=\"description\" content=\"Plaque de BMX Box et Tangent personnalis\u00e9e. Cr\u00e9ez votre sticker avec vos logos pour votre plaque Pro ou Cruiser, Mini sur Ride2casa.\" \/>\n<meta name=\"robots\" content=\"index, follow, max-snippet:-1, max-image-preview:large, max-video-preview:-1\" \/>\n<link rel=\"canonical\" href=\"https:\/\/ride2casa.com\/fr\/produit\/bmx-neuville-2024\/\" \/>\n<meta property=\"og:locale\" content=\"fr_FR\" \/>\n<meta property=\"og:type\" content=\"article\" \/>\n<meta property=\"og:title\" content=\"BMX Neuville 2024Box Pro - Box Mini - Tangent - Plaque Custom - Ride2casa\" \/>\n<meta property=\"og:description\" content=\"Plaque de BMX Box et Tangent personnalis\u00e9e. Cr\u00e9ez votre sticker avec vos logos pour votre plaque Pro ou Cruiser, Mini sur Ride2casa.\" \/>\n<meta property=\"og:url\" content=\"https:\/\/ride2casa.com\/fr\/produit\/bmx-neuville-2024\/\" \/>\n<meta property=\"og:site_name\" content=\"Ride2casa\" \/>\n<meta property=\"article:modified_time\" content=\"2025-11-30T22:37:22+00:00\" \/>\n<meta property=\"og:image\" content=\"http:\/\/ride2casa.com\/wp-content\/uploads\/2024\/05\/bmx-neuville-2024-thumbnail-1.jpg\" \/>\n\t<meta property=\"og:image:width\" content=\"900\" \/>\n\t<meta property=\"og:image:height\" content=\"900\" \/>\n\t<meta property=\"og:image:type\" content=\"image\/jpeg\" \/>\n<meta name=\"twitter:label1\" content=\"Dur\u00e9e de lecture estim\u00e9e\" \/>\n\t<meta name=\"twitter:data1\" content=\"1 minute\" \/>\n<script type=\"application\/ld+json\" class=\"yoast-schema-graph\">{\"@context\":\"https:\/\/schema.org\",\"@graph\":[{\"@type\":\"WebPage\",\"@id\":\"https:\/\/ride2casa.com\/product\/bmx-neuville-2024\/\",\"url\":\"https:\/\/ride2casa.com\/product\/bmx-neuville-2024\/\",\"name\":\"BMX Neuville 2024 Box Pro - Box Mini - Tangent - Plaque Custom - Ride2casa\",\"isPartOf\":{\"@id\":\"https:\/\/ride2casa.com\/#website\"},\"datePublished\":\"2024-05-06T14:37:50+00:00\",\"dateModified\":\"2025-11-30T22:37:22+00:00\",\"description\":\"Plaque de BMX Box et Tangent personnalis\u00e9e. Cr\u00e9ez votre sticker avec vos logos pour votre plaque Pro ou Cruiser, Mini sur Ride2casa.\",\"breadcrumb\":{\"@id\":\"https:\/\/ride2casa.com\/product\/bmx-neuville-2024\/#breadcrumb\"},\"inLanguage\":\"fr-FR\",\"potentialAction\":[{\"@type\":\"ReadAction\",\"target\":[\"https:\/\/ride2casa.com\/product\/bmx-neuville-2024\/\"]}]},{\"@type\":\"BreadcrumbList\",\"@id\":\"https:\/\/ride2casa.com\/product\/bmx-neuville-2024\/#breadcrumb\",\"itemListElement\":[{\"@type\":\"ListItem\",\"position\":1,\"name\":\"Accueil\",\"item\":\"https:\/\/ride2casa.com\/\"},{\"@type\":\"ListItem\",\"position\":2,\"name\":\"Shop Default\",\"item\":\"https:\/\/ride2casa.com\/shop-default\/\"},{\"@type\":\"ListItem\",\"position\":3,\"name\":\"BMX Neuville 2024Box Pro &#8211; Box Mini &#8211; Tangent\"}]},{\"@type\":\"WebSite\",\"@id\":\"https:\/\/ride2casa.com\/#website\",\"url\":\"https:\/\/ride2casa.com\/\",\"name\":\"Ride2casa\",\"description\":\"BMX Race videos and online store - BMX Custom Plates\",\"publisher\":{\"@id\":\"https:\/\/ride2casa.com\/#organization\"},\"potentialAction\":[{\"@type\":\"SearchAction\",\"target\":{\"@type\":\"EntryPoint\",\"urlTemplate\":\"https:\/\/ride2casa.com\/?s={search_term_string}\"},\"query-input\":\"required name=search_term_string\"}],\"inLanguage\":\"fr-FR\"},{\"@type\":\"Organization\",\"@id\":\"https:\/\/ride2casa.com\/#organization\",\"name\":\"Ride2casa\",\"url\":\"https:\/\/ride2casa.com\/\",\"logo\":{\"@type\":\"ImageObject\",\"inLanguage\":\"fr-FR\",\"@id\":\"https:\/\/ride2casa.com\/#\/schema\/logo\/image\/\",\"url\":\"https:\/\/ride2casa.com\/wp-content\/uploads\/2022\/01\/cropped-ride2casa_logo_menu_1400.png\",\"contentUrl\":\"https:\/\/ride2casa.com\/wp-content\/uploads\/2022\/01\/cropped-ride2casa_logo_menu_1400.png\",\"width\":1400,\"height\":300,\"caption\":\"Ride2casa\"},\"image\":{\"@id\":\"https:\/\/ride2casa.com\/#\/schema\/logo\/image\/\"}}]}<\/script>\n<!-- \/ Yoast SEO plugin. -->","yoast_head_json":{"title":"BMX Neuville 2024Box Pro - Box Mini - Tangent - Plaque Custom - Ride2casa","description":"Plaque de BMX Box et Tangent personnalis\u00e9e. Cr\u00e9ez votre sticker avec vos logos pour votre plaque Pro ou Cruiser, Mini sur Ride2casa.","robots":{"index":"index","follow":"follow","max-snippet":"max-snippet:-1","max-image-preview":"max-image-preview:large","max-video-preview":"max-video-preview:-1"},"canonical":"https:\/\/ride2casa.com\/fr\/produit\/bmx-neuville-2024\/","og_locale":"fr_FR","og_type":"article","og_title":"BMX Neuville 2024Box Pro - Box Mini - Tangent - Plaque Custom - Ride2casa","og_description":"Plaque de BMX Box et Tangent personnalis\u00e9e. Cr\u00e9ez votre sticker avec vos logos pour votre plaque Pro ou Cruiser, Mini sur Ride2casa.","og_url":"https:\/\/ride2casa.com\/fr\/produit\/bmx-neuville-2024\/","og_site_name":"Ride2casa","article_modified_time":"2025-11-30T22:37:22+00:00","og_image":[{"width":900,"height":900,"url":"http:\/\/ride2casa.com\/wp-content\/uploads\/2024\/05\/bmx-neuville-2024-thumbnail-1.jpg","type":"image\/jpeg"}],"twitter_misc":{"Dur\u00e9e de lecture estim\u00e9e":"1 minute"},"schema":{"@context":"https:\/\/schema.org","@graph":[{"@type":"WebPage","@id":"https:\/\/ride2casa.com\/product\/bmx-neuville-2024\/","url":"https:\/\/ride2casa.com\/product\/bmx-neuville-2024\/","name":"BMX Neuville 2024 Box Pro - Box Mini - Tangent - Plaque Custom - Ride2casa","isPartOf":{"@id":"https:\/\/ride2casa.com\/#website"},"datePublished":"2024-05-06T14:37:50+00:00","dateModified":"2025-11-30T22:37:22+00:00","description":"Plaque de BMX Box et Tangent personnalis\u00e9e. Cr\u00e9ez votre sticker avec vos logos pour votre plaque Pro ou Cruiser, Mini sur Ride2casa.","breadcrumb":{"@id":"https:\/\/ride2casa.com\/product\/bmx-neuville-2024\/#breadcrumb"},"inLanguage":"fr-FR","potentialAction":[{"@type":"ReadAction","target":["https:\/\/ride2casa.com\/product\/bmx-neuville-2024\/"]}]},{"@type":"BreadcrumbList","@id":"https:\/\/ride2casa.com\/product\/bmx-neuville-2024\/#breadcrumb","itemListElement":[{"@type":"ListItem","position":1,"name":"Accueil","item":"https:\/\/ride2casa.com\/"},{"@type":"ListItem","position":2,"name":"Shop Default","item":"https:\/\/ride2casa.com\/shop-default\/"},{"@type":"ListItem","position":3,"name":"BMX Neuville 2024Box Pro &#8211; Box Mini &#8211; Tangent"}]},{"@type":"WebSite","@id":"https:\/\/ride2casa.com\/#website","url":"https:\/\/ride2casa.com\/","name":"Ride2casa","description":"BMX Race videos and online store - BMX Custom Plates","publisher":{"@id":"https:\/\/ride2casa.com\/#organization"},"potentialAction":[{"@type":"SearchAction","target":{"@type":"EntryPoint","urlTemplate":"https:\/\/ride2casa.com\/?s={search_term_string}"},"query-input":"required name=search_term_string"}],"inLanguage":"fr-FR"},{"@type":"Organization","@id":"https:\/\/ride2casa.com\/#organization","name":"Ride2casa","url":"https:\/\/ride2casa.com\/","logo":{"@type":"ImageObject","inLanguage":"fr-FR","@id":"https:\/\/ride2casa.com\/#\/schema\/logo\/image\/","url":"https:\/\/ride2casa.com\/wp-content\/uploads\/2022\/01\/cropped-ride2casa_logo_menu_1400.png","contentUrl":"https:\/\/ride2casa.com\/wp-content\/uploads\/2022\/01\/cropped-ride2casa_logo_menu_1400.png","width":1400,"height":300,"caption":"Ride2casa"},"image":{"@id":"https:\/\/ride2casa.com\/#\/schema\/logo\/image\/"}}]}},"_links":{"self":[{"href":"https:\/\/ride2casa.com\/fr\/wp-json\/wp\/v2\/product\/1911"}],"collection":[{"href":"https:\/\/ride2casa.com\/fr\/wp-json\/wp\/v2\/product"}],"about":[{"href":"https:\/\/ride2casa.com\/fr\/wp-json\/wp\/v2\/types\/product"}],"wp:featuredmedia":[{"embeddable":true,"href":"https:\/\/ride2casa.com\/fr\/wp-json\/wp\/v2\/media\/1913"}],"wp:attachment":[{"href":"https:\/\/ride2casa.com\/fr\/wp-json\/wp\/v2\/media?parent=1911"}],"wp:term":[{"taxonomy":"product_cat","embeddable":true,"href":"https:\/\/ride2casa.com\/fr\/wp-json\/wp\/v2\/product_cat?post=1911"},{"taxonomy":"product_tag","embeddable":true,"href":"https:\/\/ride2casa.com\/fr\/wp-json\/wp\/v2\/product_tag?post=1911"}],"curies":[{"name":"wp","href":"https:\/\/api.w.org\/{rel}","templated":true}]}}