{"id":764,"date":"2021-12-15T11:30:39","date_gmt":"2021-12-15T16:30:39","guid":{"rendered":"http:\/\/ride2casa.com\/?post_type=product&#038;p=764"},"modified":"2025-11-30T17:35:29","modified_gmt":"2025-11-30T22:35:29","slug":"custom-tangent","status":"publish","type":"product","link":"https:\/\/ride2casa.com\/fr\/produit\/custom-tangent","title":{"rendered":"Tangent<br> Custom Sticker"},"content":{"rendered":"<p>Autocollant de plaque BMX personnalis\u00e9. Cr\u00e9ez votre propre design personnalis\u00e9 et imprimez votre autocollant. Choisissez parmi nos graphiques et changez la couleur, ajoutez vos logos et entrez votre nom et votre num\u00e9ro de course.<br \/>\nCutout compatible with plates Tangent Ventril3D<\/p>\n<p>Attention : Plaque vendue s\u00e9par\u00e9ment.<\/p>\n<p>Attention : Ride2casa ne peut pas garantir que votre autocollant de plaque d'immatriculation sera conforme aux r\u00e8glements USA BMX, UCI, FFC ou UEC.<\/p>\n<p>Pour savoir comment cr\u00e9er une plaque l\u00e9gale pour participer aux courses officielles de BMX aux \u00c9tats-Unis, visitez notre site Web <a href=\"https:\/\/ride2casa.com\/fr\/usa-bmx-rules\/\">R\u00e9glementation USA BMX<\/a> .<\/p>\n<p>Pour d\u00e9couvrir nos conseils sur la mani\u00e8re de concevoir ou d'appliquer votre autocollant, consultez notre page <a href=\"https:\/\/ride2casa.com\/fr\/info\/\">Info<\/a> .<\/p>","protected":false},"excerpt":{"rendered":"<p>Custom BMX Plate Sticker. Create your own personalized design and print your sticker. Select from our graphics and change your color, add your logos and enter your name and racing number. Cutout compatible with plates Tangent Ventril3D Caution: Plate sold separatly. Caution: Ride2casa cannot guaranty your number plate sticker will conform with the USA BMX, [&hellip;]<\/p>","protected":false},"featured_media":1586,"template":"","meta":{"_monsterinsights_skip_tracking":false,"_monsterinsights_sitenote_active":false,"_monsterinsights_sitenote_note":"","_monsterinsights_sitenote_category":0},"product_cat":[27,18],"product_tag":[],"yoast_head":"<!-- This site is optimized with the Yoast SEO plugin v21.8 - https:\/\/yoast.com\/wordpress\/plugins\/seo\/ -->\n<title>Tangent Custom Sticker - Personalized BMX Plate - Ride2casa<\/title>\n<meta name=\"description\" content=\"Tangent Ventril 3D BMX plate sticker with custom design. Create your own personalized plate with your logos and sponsors on Ride2casa.\" \/>\n<meta name=\"robots\" content=\"index, follow, max-snippet:-1, max-image-preview:large, max-video-preview:-1\" \/>\n<link rel=\"canonical\" href=\"https:\/\/ride2casa.com\/fr\/produit\/custom-tangent\/\" \/>\n<meta property=\"og:locale\" content=\"fr_FR\" \/>\n<meta property=\"og:type\" content=\"article\" \/>\n<meta property=\"og:title\" content=\"Tangent Custom Sticker - Personalized BMX Plate - Ride2casa\" \/>\n<meta property=\"og:description\" content=\"Tangent Ventril 3D BMX plate sticker with custom design. Create your own personalized plate with your logos and sponsors on Ride2casa.\" \/>\n<meta property=\"og:url\" content=\"https:\/\/ride2casa.com\/fr\/produit\/custom-tangent\/\" \/>\n<meta property=\"og:site_name\" content=\"Ride2casa\" \/>\n<meta property=\"article:modified_time\" content=\"2025-11-30T22:35:29+00:00\" \/>\n<meta property=\"og:image\" content=\"http:\/\/ride2casa.com\/wp-content\/uploads\/2021\/12\/custom-tangent.jpg\" \/>\n\t<meta property=\"og:image:width\" content=\"650\" \/>\n\t<meta property=\"og:image:height\" content=\"650\" \/>\n\t<meta property=\"og:image:type\" content=\"image\/jpeg\" \/>\n<meta name=\"twitter:label1\" content=\"Dur\u00e9e de lecture estim\u00e9e\" \/>\n\t<meta name=\"twitter:data1\" content=\"1 minute\" \/>\n<script type=\"application\/ld+json\" class=\"yoast-schema-graph\">{\"@context\":\"https:\/\/schema.org\",\"@graph\":[{\"@type\":\"WebPage\",\"@id\":\"https:\/\/ride2casa.com\/product\/custom-tangent\/\",\"url\":\"https:\/\/ride2casa.com\/product\/custom-tangent\/\",\"name\":\"Tangent Custom Sticker - Personalized BMX Plate - Ride2casa\",\"isPartOf\":{\"@id\":\"https:\/\/ride2casa.com\/#website\"},\"datePublished\":\"2021-12-15T16:30:39+00:00\",\"dateModified\":\"2025-11-30T22:35:29+00:00\",\"description\":\"Tangent Ventril 3D BMX plate sticker with custom design. Create your own personalized plate with your logos and sponsors on Ride2casa.\",\"breadcrumb\":{\"@id\":\"https:\/\/ride2casa.com\/product\/custom-tangent\/#breadcrumb\"},\"inLanguage\":\"fr-FR\",\"potentialAction\":[{\"@type\":\"ReadAction\",\"target\":[\"https:\/\/ride2casa.com\/product\/custom-tangent\/\"]}]},{\"@type\":\"BreadcrumbList\",\"@id\":\"https:\/\/ride2casa.com\/product\/custom-tangent\/#breadcrumb\",\"itemListElement\":[{\"@type\":\"ListItem\",\"position\":1,\"name\":\"Accueil\",\"item\":\"https:\/\/ride2casa.com\/\"},{\"@type\":\"ListItem\",\"position\":2,\"name\":\"Shop Default\",\"item\":\"https:\/\/ride2casa.com\/shop-default\/\"},{\"@type\":\"ListItem\",\"position\":3,\"name\":\"Tangent Custom Sticker\"}]},{\"@type\":\"WebSite\",\"@id\":\"https:\/\/ride2casa.com\/#website\",\"url\":\"https:\/\/ride2casa.com\/\",\"name\":\"Ride2casa\",\"description\":\"BMX Race videos and online store - BMX Custom Plates\",\"publisher\":{\"@id\":\"https:\/\/ride2casa.com\/#organization\"},\"potentialAction\":[{\"@type\":\"SearchAction\",\"target\":{\"@type\":\"EntryPoint\",\"urlTemplate\":\"https:\/\/ride2casa.com\/?s={search_term_string}\"},\"query-input\":\"required name=search_term_string\"}],\"inLanguage\":\"fr-FR\"},{\"@type\":\"Organization\",\"@id\":\"https:\/\/ride2casa.com\/#organization\",\"name\":\"Ride2casa\",\"url\":\"https:\/\/ride2casa.com\/\",\"logo\":{\"@type\":\"ImageObject\",\"inLanguage\":\"fr-FR\",\"@id\":\"https:\/\/ride2casa.com\/#\/schema\/logo\/image\/\",\"url\":\"https:\/\/ride2casa.com\/wp-content\/uploads\/2022\/01\/cropped-ride2casa_logo_menu_1400.png\",\"contentUrl\":\"https:\/\/ride2casa.com\/wp-content\/uploads\/2022\/01\/cropped-ride2casa_logo_menu_1400.png\",\"width\":1400,\"height\":300,\"caption\":\"Ride2casa\"},\"image\":{\"@id\":\"https:\/\/ride2casa.com\/#\/schema\/logo\/image\/\"}}]}<\/script>\n<!-- \/ Yoast SEO plugin. -->","yoast_head_json":{"title":"Tangent Custom Sticker - Personalized BMX Plate - Ride2casa","description":"Tangent Ventril 3D BMX plate sticker with custom design. Create your own personalized plate with your logos and sponsors on Ride2casa.","robots":{"index":"index","follow":"follow","max-snippet":"max-snippet:-1","max-image-preview":"max-image-preview:large","max-video-preview":"max-video-preview:-1"},"canonical":"https:\/\/ride2casa.com\/fr\/produit\/custom-tangent\/","og_locale":"fr_FR","og_type":"article","og_title":"Tangent Custom Sticker - Personalized BMX Plate - Ride2casa","og_description":"Tangent Ventril 3D BMX plate sticker with custom design. Create your own personalized plate with your logos and sponsors on Ride2casa.","og_url":"https:\/\/ride2casa.com\/fr\/produit\/custom-tangent\/","og_site_name":"Ride2casa","article_modified_time":"2025-11-30T22:35:29+00:00","og_image":[{"width":650,"height":650,"url":"http:\/\/ride2casa.com\/wp-content\/uploads\/2021\/12\/custom-tangent.jpg","type":"image\/jpeg"}],"twitter_misc":{"Dur\u00e9e de lecture estim\u00e9e":"1 minute"},"schema":{"@context":"https:\/\/schema.org","@graph":[{"@type":"WebPage","@id":"https:\/\/ride2casa.com\/product\/custom-tangent\/","url":"https:\/\/ride2casa.com\/product\/custom-tangent\/","name":"Tangent Custom Sticker - Personalized BMX Plate - Ride2casa","isPartOf":{"@id":"https:\/\/ride2casa.com\/#website"},"datePublished":"2021-12-15T16:30:39+00:00","dateModified":"2025-11-30T22:35:29+00:00","description":"Tangent Ventril 3D BMX plate sticker with custom design. Create your own personalized plate with your logos and sponsors on Ride2casa.","breadcrumb":{"@id":"https:\/\/ride2casa.com\/product\/custom-tangent\/#breadcrumb"},"inLanguage":"fr-FR","potentialAction":[{"@type":"ReadAction","target":["https:\/\/ride2casa.com\/product\/custom-tangent\/"]}]},{"@type":"BreadcrumbList","@id":"https:\/\/ride2casa.com\/product\/custom-tangent\/#breadcrumb","itemListElement":[{"@type":"ListItem","position":1,"name":"Accueil","item":"https:\/\/ride2casa.com\/"},{"@type":"ListItem","position":2,"name":"Shop Default","item":"https:\/\/ride2casa.com\/shop-default\/"},{"@type":"ListItem","position":3,"name":"Tangent Custom Sticker"}]},{"@type":"WebSite","@id":"https:\/\/ride2casa.com\/#website","url":"https:\/\/ride2casa.com\/","name":"Ride2casa","description":"BMX Race videos and online store - BMX Custom Plates","publisher":{"@id":"https:\/\/ride2casa.com\/#organization"},"potentialAction":[{"@type":"SearchAction","target":{"@type":"EntryPoint","urlTemplate":"https:\/\/ride2casa.com\/?s={search_term_string}"},"query-input":"required name=search_term_string"}],"inLanguage":"fr-FR"},{"@type":"Organization","@id":"https:\/\/ride2casa.com\/#organization","name":"Ride2casa","url":"https:\/\/ride2casa.com\/","logo":{"@type":"ImageObject","inLanguage":"fr-FR","@id":"https:\/\/ride2casa.com\/#\/schema\/logo\/image\/","url":"https:\/\/ride2casa.com\/wp-content\/uploads\/2022\/01\/cropped-ride2casa_logo_menu_1400.png","contentUrl":"https:\/\/ride2casa.com\/wp-content\/uploads\/2022\/01\/cropped-ride2casa_logo_menu_1400.png","width":1400,"height":300,"caption":"Ride2casa"},"image":{"@id":"https:\/\/ride2casa.com\/#\/schema\/logo\/image\/"}}]}},"_links":{"self":[{"href":"https:\/\/ride2casa.com\/fr\/wp-json\/wp\/v2\/product\/764"}],"collection":[{"href":"https:\/\/ride2casa.com\/fr\/wp-json\/wp\/v2\/product"}],"about":[{"href":"https:\/\/ride2casa.com\/fr\/wp-json\/wp\/v2\/types\/product"}],"wp:featuredmedia":[{"embeddable":true,"href":"https:\/\/ride2casa.com\/fr\/wp-json\/wp\/v2\/media\/1586"}],"wp:attachment":[{"href":"https:\/\/ride2casa.com\/fr\/wp-json\/wp\/v2\/media?parent=764"}],"wp:term":[{"taxonomy":"product_cat","embeddable":true,"href":"https:\/\/ride2casa.com\/fr\/wp-json\/wp\/v2\/product_cat?post=764"},{"taxonomy":"product_tag","embeddable":true,"href":"https:\/\/ride2casa.com\/fr\/wp-json\/wp\/v2\/product_tag?post=764"}],"curies":[{"name":"wp","href":"https:\/\/api.w.org\/{rel}","templated":true}]}}